{"id":21,"date":"2023-11-16T14:10:34","date_gmt":"2023-11-16T13:10:34","guid":{"rendered":"http:\/\/salviastudio.fr\/?page_id=21"},"modified":"2024-03-22T14:38:18","modified_gmt":"2024-03-22T13:38:18","slug":"contact","status":"publish","type":"page","link":"https:\/\/salviastudio.fr\/index.php\/contact\/","title":{"rendered":"Contact"},"content":{"rendered":"\t\t<div data-elementor-type=\"wp-page\" data-elementor-id=\"21\" class=\"elementor elementor-21\" data-elementor-settings=\"{&quot;ha_cmc_init_switcher&quot;:&quot;no&quot;}\">\n\t\t\t\t<div class=\"elementor-element elementor-element-6bf6ecd e-flex e-con-boxed e-con e-parent\" data-id=\"6bf6ecd\" data-element_type=\"container\" data-settings=\"{&quot;_ha_eqh_enable&quot;:false}\">\n\t\t\t\t\t<div class=\"e-con-inner\">\n\t\t\t\t<div class=\"elementor-element elementor-element-ab3b7cc elementor-widget elementor-widget-formidable\" data-id=\"ab3b7cc\" data-element_type=\"widget\" data-widget_type=\"formidable.default\">\n\t\t\t\t<div class=\"elementor-widget-container\">\n\t\t\t\t\t<div class=\"frm_forms  with_frm_style frm_style_style-formidable\" id=\"frm_form_1_container\" >\n<form enctype=\"multipart\/form-data\" method=\"post\" class=\"frm-show-form \" id=\"form_contact-form\" >\n<div class=\"frm_form_fields \">\n<fieldset>\n<legend class=\"frm_screen_reader\">Contact Us<\/legend>\r\n\r\n<div class=\"frm_fields_container\">\n<input type=\"hidden\" name=\"frm_action\" value=\"create\" \/>\n<input type=\"hidden\" name=\"form_id\" value=\"1\" \/>\n<input type=\"hidden\" name=\"frm_hide_fields_1\" id=\"frm_hide_fields_1\" value=\"\" \/>\n<input type=\"hidden\" name=\"form_key\" value=\"contact-form\" \/>\n<input type=\"hidden\" name=\"item_meta[0]\" value=\"\" \/>\n<input type=\"hidden\" id=\"frm_submit_entry_1\" name=\"frm_submit_entry_1\" value=\"72d1407f6a\" \/><input type=\"hidden\" name=\"_wp_http_referer\" value=\"\/index.php\/wp-json\/wp\/v2\/pages\/21\" \/><div id=\"frm_field_1_container\" class=\"frm_form_field form-field  frm_required_field frm_top_container frm_first frm_half\">\r\n    <label for=\"field_qh4icy\" id=\"field_qh4icy_label\" class=\"frm_primary_label\">Nom\r\n        <span class=\"frm_required\" aria-hidden=\"true\">*<\/span>\r\n    <\/label>\r\n    <input type=\"text\" id=\"field_qh4icy\" name=\"item_meta[1]\" value=\"\"  data-reqmsg=\"Ce champ ne peut pas \u00eatre vide\" aria-required=\"true\" data-invmsg=\"Name est non valide\" aria-invalid=\"false\"   aria-describedby=\"frm_desc_field_qh4icy\"\/>\r\n    <div class=\"frm_description\" id=\"frm_desc_field_qh4icy\">First<\/div>\r\n    \r\n<\/div>\n<div id=\"frm_field_2_container\" class=\"frm_form_field form-field  frm_required_field frm_hidden_container frm_half\">\r\n    <label for=\"field_ocfup1\" id=\"field_ocfup1_label\" class=\"frm_primary_label\">Pr\u00e9nom\r\n        <span class=\"frm_required\" aria-hidden=\"true\">*<\/span>\r\n    <\/label>\r\n    <input type=\"text\" id=\"field_ocfup1\" name=\"item_meta[2]\" value=\"\"  data-reqmsg=\"Ce champ ne peut pas \u00eatre vide\" aria-required=\"true\" data-invmsg=\"Last est non valide\" aria-invalid=\"false\"   aria-describedby=\"frm_desc_field_ocfup1\"\/>\r\n    <div class=\"frm_description\" id=\"frm_desc_field_ocfup1\">Last<\/div>\r\n    \r\n<\/div>\n<div id=\"frm_field_3_container\" class=\"frm_form_field form-field  frm_required_field frm_top_container frm_full\">\r\n    <label for=\"field_29yf4d\" id=\"field_29yf4d_label\" class=\"frm_primary_label\">Email\r\n        <span class=\"frm_required\" aria-hidden=\"true\">*<\/span>\r\n    <\/label>\r\n    <input type=\"email\" id=\"field_29yf4d\" name=\"item_meta[3]\" value=\"\"  data-reqmsg=\"Ce champ ne peut pas \u00eatre vide\" aria-required=\"true\" data-invmsg=\"Please enter a valid email address\" aria-invalid=\"false\"  \/>\r\n    \r\n    \r\n<\/div>\n<div id=\"frm_field_11_container\" class=\"frm_form_field form-field  frm_required_field frm_top_container\">\r\n    <label for=\"field_itxt0\" id=\"field_itxt0_label\" class=\"frm_primary_label\">Nom Entreprise\r\n        <span class=\"frm_required\" aria-hidden=\"true\">*<\/span>\r\n    <\/label>\r\n    <input type=\"text\" id=\"field_itxt0\" name=\"item_meta[11]\" value=\"\"  data-reqmsg=\"Nom Entreprise ne peut pas \u00eatre vide.\" aria-required=\"true\" data-invmsg=\"texte est non valide\" aria-invalid=\"false\"  \/>\r\n    \r\n    \r\n<\/div>\n<div id=\"frm_field_7_container\" class=\"frm_form_field form-field  frm_top_container\">\r\n    <label for=\"field_2pxwu\" id=\"field_2pxwu_label\" class=\"frm_primary_label\">T\u00e9l\u00e9phone\r\n        <span class=\"frm_required\" aria-hidden=\"true\"><\/span>\r\n    <\/label>\r\n    <input type=\"tel\" id=\"field_2pxwu\" name=\"item_meta[7]\" value=\"\"  data-invmsg=\"T\u00e9l\u00e9phone est non valide\" aria-invalid=\"false\" pattern=\"((\\+\\d{1,3}(-|.| )?\\(?\\d\\)?(-| |.)?\\d{1,5})|(\\(?\\d{2,6}\\)?))(-|.| )?(\\d{3,4})(-|.| )?(\\d{4})(( x| ext)\\d{1,5}){0,1}$\"  \/>\r\n    \r\n    \r\n<\/div>\n<div id=\"frm_field_10_container\" class=\"frm_form_field form-field  frm_top_container\">\r\n    <label for=\"field_3tcd\" id=\"field_3tcd_label\" class=\"frm_primary_label\">Site Web\/URL\r\n        <span class=\"frm_required\" aria-hidden=\"true\"><\/span>\r\n    <\/label>\r\n    <input type=\"url\" id=\"field_3tcd\" name=\"item_meta[10]\" value=\"\"  data-invmsg=\"Site Web\/URL est non valide\" aria-invalid=\"false\"  \/>\r\n    \r\n    \r\n<\/div>\n<div id=\"frm_field_8_container\" class=\"frm_form_field form-field  frm_required_field frm_top_container\">\r\n    <label for=\"field_u5f0x\" id=\"field_u5f0x_label\" class=\"frm_primary_label\">Sujet\r\n        <span class=\"frm_required\" aria-hidden=\"true\">*<\/span>\r\n    <\/label>\r\n    \t\t<select name=\"item_meta[8]\" id=\"field_u5f0x\"  data-reqmsg=\"Ce champ ne peut pas \u00eatre vide\" aria-required=\"true\" data-invmsg=\"Sujet est non valide\" aria-invalid=\"false\"  >\n\t\t<option  value=\"Formule Cr\u00e9ation\">Formule Cr\u00e9ation<\/option><option  value=\"Devis sur mesure\">Devis sur mesure<\/option><option  value=\"Formule Affiche\">Formule Affiche<\/option><option  value=\"Formule Identit\u00e9 Visuelle\">Formule Identit\u00e9 Visuelle<\/option><option  value=\"Formule Carte de visite\">Formule Carte de visite<\/option><option  value=\"Autre\">Autre<\/option>\t<\/select>\n\t\r\n    \r\n    \r\n<\/div>\n<div id=\"frm_field_5_container\" class=\"frm_form_field form-field  frm_required_field frm_top_container frm_full\">\r\n    <label for=\"field_9jv0r1\" id=\"field_9jv0r1_label\" class=\"frm_primary_label\">Message\r\n        <span class=\"frm_required\" aria-hidden=\"true\">*<\/span>\r\n    <\/label>\r\n    <textarea name=\"item_meta[5]\" id=\"field_9jv0r1\" rows=\"5\"  placeholder=\"D\u00e9crivez votre besoin de la fa\u00e7on la plus d\u00e9taillez possible : combien de d\u00e9cisionnaires dans le projet, vos attentes, l&#039;image et les valeurs de votre &quot;entreprise&quot; , vos inspirations, ce que vous n&#039;aimez pas...\" data-reqmsg=\"Ce champ ne peut pas \u00eatre vide\" aria-required=\"true\" data-invmsg=\"Message est non valide\" aria-invalid=\"false\"  ><\/textarea>\r\n    \r\n    \r\n<\/div>\n\t<input type=\"hidden\" name=\"item_key\" value=\"\" \/>\n\t\t\t<div id=\"frm_field_12_container\">\n\t\t\t<label for=\"field_ns5qs\" >\n\t\t\t\tSi vous \u00eates un humain, ne remplissez pas ce champ.\t\t\t<\/label>\n\t\t\t<input  id=\"field_ns5qs\" type=\"text\" class=\"frm_form_field form-field frm_verify\" name=\"item_meta[12]\" value=\"\"  \/>\n\t\t<\/div>\n\t\t<input name=\"frm_state\" type=\"hidden\" value=\"yNsH07epUzQelb7d2ILqT4A91NuTzhyLFOHB\/cCVYsE=\" \/><div class=\"frm_submit\">\r\n\r\n<button class=\"frm_button_submit\" type=\"submit\"  >Envoyer<\/button>\r\n\r\n\r\n<\/div><\/div>\n<\/fieldset>\n<\/div>\n\n<p style=\"display: none !important;\" class=\"akismet-fields-container\" data-prefix=\"ak_\"><label>&#916;<textarea name=\"ak_hp_textarea\" cols=\"45\" rows=\"8\" maxlength=\"100\"><\/textarea><\/label><input type=\"hidden\" id=\"ak_js_1\" name=\"ak_js\" value=\"129\"\/><script>document.getElementById( \"ak_js_1\" ).setAttribute( \"value\", ( new Date() ).getTime() );<\/script><\/p><\/form>\n<\/div>\n\t\t\t\t<\/div>\n\t\t\t\t<\/div>\n\t\t\t\t<div class=\"elementor-element elementor-element-96d4bd5 elementor-widget elementor-widget-google_maps\" data-id=\"96d4bd5\" data-element_type=\"widget\" data-widget_type=\"google_maps.default\">\n\t\t\t\t<div class=\"elementor-widget-container\">\n\t\t\t\t\t\t\t<div class=\"elementor-custom-embed\">\n\t\t\t<iframe loading=\"lazy\"\n\t\t\t\t\tsrc=\"https:\/\/maps.google.com\/maps?q=Salvia%20Studio%204%20rue%20charles%20peguy%2019100%20brive&#038;t=m&#038;z=12&#038;output=embed&#038;iwloc=near\"\n\t\t\t\t\ttitle=\"Salvia Studio 4 rue charles peguy 19100 brive\"\n\t\t\t\t\taria-label=\"Salvia Studio 4 rue charles peguy 19100 brive\"\n\t\t\t><\/iframe>\n\t\t<\/div>\n\t\t\t\t\t\t<\/div>\n\t\t\t\t<\/div>\n\t\t\t\t\t<\/div>\n\t\t\t\t<\/div>\n\t\t\t\t<\/div>\n\t\t","protected":false},"excerpt":{"rendered":"<p>Contact Us Nom * First Pr\u00e9nom * Last Email * Nom Entreprise * T\u00e9l\u00e9phone Site Web\/URL Sujet * Formule Cr\u00e9ationDevis sur mesureFormule AfficheFormule Identit\u00e9 VisuelleFormule Carte de visiteAutre Message * Si vous \u00eates un humain, ne remplissez pas ce champ. Envoyer &#916;<\/p>\n","protected":false},"author":1,"featured_media":0,"parent":0,"menu_order":0,"comment_status":"closed","ping_status":"closed","template":"","meta":{"_eb_attr":"","footnotes":""},"class_list":["post-21","page","type-page","status-publish","hentry"],"yoast_head":"<!-- This site is optimized with the Yoast SEO plugin v26.7 - https:\/\/yoast.com\/wordpress\/plugins\/seo\/ -->\n<title>Contact - Salvia Studio<\/title>\n<meta name=\"robots\" content=\"index, follow, max-snippet:-1, max-image-preview:large, max-video-preview:-1\" \/>\n<link rel=\"canonical\" href=\"https:\/\/salviastudio.fr\/index.php\/contact\/\" \/>\n<meta property=\"og:locale\" content=\"fr_FR\" \/>\n<meta property=\"og:type\" content=\"article\" \/>\n<meta property=\"og:title\" content=\"Contact - Salvia Studio\" \/>\n<meta property=\"og:description\" content=\"Contact Us Nom * First Pr\u00e9nom * Last Email * Nom Entreprise * T\u00e9l\u00e9phone Site Web\/URL Sujet * Formule Cr\u00e9ationDevis sur mesureFormule AfficheFormule Identit\u00e9 VisuelleFormule Carte de visiteAutre Message * Si vous \u00eates un humain, ne remplissez pas ce champ. Envoyer &#916;\" \/>\n<meta property=\"og:url\" content=\"https:\/\/salviastudio.fr\/index.php\/contact\/\" \/>\n<meta property=\"og:site_name\" content=\"Salvia Studio\" \/>\n<meta property=\"article:publisher\" content=\"https:\/\/www.facebook.com\/people\/Salvia-Studio\/61555277857433\/\" \/>\n<meta property=\"article:modified_time\" content=\"2024-03-22T13:38:18+00:00\" \/>\n<meta name=\"twitter:card\" content=\"summary_large_image\" \/>\n<meta name=\"twitter:label1\" content=\"Dur\u00e9e de lecture estim\u00e9e\" \/>\n\t<meta name=\"twitter:data1\" content=\"1 minute\" \/>\n<script type=\"application\/ld+json\" class=\"yoast-schema-graph\">{\"@context\":\"https:\/\/schema.org\",\"@graph\":[{\"@type\":\"WebPage\",\"@id\":\"https:\/\/salviastudio.fr\/index.php\/contact\/\",\"url\":\"https:\/\/salviastudio.fr\/index.php\/contact\/\",\"name\":\"Contact - Salvia Studio\",\"isPartOf\":{\"@id\":\"http:\/\/salviastudio.fr\/#website\"},\"datePublished\":\"2023-11-16T13:10:34+00:00\",\"dateModified\":\"2024-03-22T13:38:18+00:00\",\"breadcrumb\":{\"@id\":\"https:\/\/salviastudio.fr\/index.php\/contact\/#breadcrumb\"},\"inLanguage\":\"fr-FR\",\"potentialAction\":[{\"@type\":\"ReadAction\",\"target\":[\"https:\/\/salviastudio.fr\/index.php\/contact\/\"]}]},{\"@type\":\"BreadcrumbList\",\"@id\":\"https:\/\/salviastudio.fr\/index.php\/contact\/#breadcrumb\",\"itemListElement\":[{\"@type\":\"ListItem\",\"position\":1,\"name\":\"Accueil\",\"item\":\"http:\/\/salviastudio.fr\/\"},{\"@type\":\"ListItem\",\"position\":2,\"name\":\"Contact\"}]},{\"@type\":\"WebSite\",\"@id\":\"http:\/\/salviastudio.fr\/#website\",\"url\":\"http:\/\/salviastudio.fr\/\",\"name\":\"Salvia Studio\",\"description\":\"Des designs sur mesure pour une communication percutante\",\"publisher\":{\"@id\":\"http:\/\/salviastudio.fr\/#organization\"},\"potentialAction\":[{\"@type\":\"SearchAction\",\"target\":{\"@type\":\"EntryPoint\",\"urlTemplate\":\"http:\/\/salviastudio.fr\/?s={search_term_string}\"},\"query-input\":{\"@type\":\"PropertyValueSpecification\",\"valueRequired\":true,\"valueName\":\"search_term_string\"}}],\"inLanguage\":\"fr-FR\"},{\"@type\":\"Organization\",\"@id\":\"http:\/\/salviastudio.fr\/#organization\",\"name\":\"Salvia Studio\",\"url\":\"http:\/\/salviastudio.fr\/\",\"logo\":{\"@type\":\"ImageObject\",\"inLanguage\":\"fr-FR\",\"@id\":\"http:\/\/salviastudio.fr\/#\/schema\/logo\/image\/\",\"url\":\"https:\/\/salviastudio.fr\/wp-content\/uploads\/2023\/11\/cropped-logo-salvia_-typo-4.png\",\"contentUrl\":\"https:\/\/salviastudio.fr\/wp-content\/uploads\/2023\/11\/cropped-logo-salvia_-typo-4.png\",\"width\":4664,\"height\":2603,\"caption\":\"Salvia Studio\"},\"image\":{\"@id\":\"http:\/\/salviastudio.fr\/#\/schema\/logo\/image\/\"},\"sameAs\":[\"https:\/\/www.facebook.com\/people\/Salvia-Studio\/61555277857433\/\",\"https:\/\/www.instagram.com\/salvia_stud\/\",\"https:\/\/www.threads.net\/@salvia_stud\",\"https:\/\/www.linkedin.com\/company\/100868701\/admin\/feed\/posts\/?feedType=following\"]}]}<\/script>\n<!-- \/ Yoast SEO plugin. -->","yoast_head_json":{"title":"Contact - Salvia Studio","robots":{"index":"index","follow":"follow","max-snippet":"max-snippet:-1","max-image-preview":"max-image-preview:large","max-video-preview":"max-video-preview:-1"},"canonical":"https:\/\/salviastudio.fr\/index.php\/contact\/","og_locale":"fr_FR","og_type":"article","og_title":"Contact - Salvia Studio","og_description":"Contact Us Nom * First Pr\u00e9nom * Last Email * Nom Entreprise * T\u00e9l\u00e9phone Site Web\/URL Sujet * Formule Cr\u00e9ationDevis sur mesureFormule AfficheFormule Identit\u00e9 VisuelleFormule Carte de visiteAutre Message * Si vous \u00eates un humain, ne remplissez pas ce champ. Envoyer &#916;","og_url":"https:\/\/salviastudio.fr\/index.php\/contact\/","og_site_name":"Salvia Studio","article_publisher":"https:\/\/www.facebook.com\/people\/Salvia-Studio\/61555277857433\/","article_modified_time":"2024-03-22T13:38:18+00:00","twitter_card":"summary_large_image","twitter_misc":{"Dur\u00e9e de lecture estim\u00e9e":"1 minute"},"schema":{"@context":"https:\/\/schema.org","@graph":[{"@type":"WebPage","@id":"https:\/\/salviastudio.fr\/index.php\/contact\/","url":"https:\/\/salviastudio.fr\/index.php\/contact\/","name":"Contact - Salvia Studio","isPartOf":{"@id":"http:\/\/salviastudio.fr\/#website"},"datePublished":"2023-11-16T13:10:34+00:00","dateModified":"2024-03-22T13:38:18+00:00","breadcrumb":{"@id":"https:\/\/salviastudio.fr\/index.php\/contact\/#breadcrumb"},"inLanguage":"fr-FR","potentialAction":[{"@type":"ReadAction","target":["https:\/\/salviastudio.fr\/index.php\/contact\/"]}]},{"@type":"BreadcrumbList","@id":"https:\/\/salviastudio.fr\/index.php\/contact\/#breadcrumb","itemListElement":[{"@type":"ListItem","position":1,"name":"Accueil","item":"http:\/\/salviastudio.fr\/"},{"@type":"ListItem","position":2,"name":"Contact"}]},{"@type":"WebSite","@id":"http:\/\/salviastudio.fr\/#website","url":"http:\/\/salviastudio.fr\/","name":"Salvia Studio","description":"Des designs sur mesure pour une communication percutante","publisher":{"@id":"http:\/\/salviastudio.fr\/#organization"},"potentialAction":[{"@type":"SearchAction","target":{"@type":"EntryPoint","urlTemplate":"http:\/\/salviastudio.fr\/?s={search_term_string}"},"query-input":{"@type":"PropertyValueSpecification","valueRequired":true,"valueName":"search_term_string"}}],"inLanguage":"fr-FR"},{"@type":"Organization","@id":"http:\/\/salviastudio.fr\/#organization","name":"Salvia Studio","url":"http:\/\/salviastudio.fr\/","logo":{"@type":"ImageObject","inLanguage":"fr-FR","@id":"http:\/\/salviastudio.fr\/#\/schema\/logo\/image\/","url":"https:\/\/salviastudio.fr\/wp-content\/uploads\/2023\/11\/cropped-logo-salvia_-typo-4.png","contentUrl":"https:\/\/salviastudio.fr\/wp-content\/uploads\/2023\/11\/cropped-logo-salvia_-typo-4.png","width":4664,"height":2603,"caption":"Salvia Studio"},"image":{"@id":"http:\/\/salviastudio.fr\/#\/schema\/logo\/image\/"},"sameAs":["https:\/\/www.facebook.com\/people\/Salvia-Studio\/61555277857433\/","https:\/\/www.instagram.com\/salvia_stud\/","https:\/\/www.threads.net\/@salvia_stud","https:\/\/www.linkedin.com\/company\/100868701\/admin\/feed\/posts\/?feedType=following"]}]}},"_links":{"self":[{"href":"https:\/\/salviastudio.fr\/index.php\/wp-json\/wp\/v2\/pages\/21","targetHints":{"allow":["GET"]}}],"collection":[{"href":"https:\/\/salviastudio.fr\/index.php\/wp-json\/wp\/v2\/pages"}],"about":[{"href":"https:\/\/salviastudio.fr\/index.php\/wp-json\/wp\/v2\/types\/page"}],"author":[{"embeddable":true,"href":"https:\/\/salviastudio.fr\/index.php\/wp-json\/wp\/v2\/users\/1"}],"replies":[{"embeddable":true,"href":"https:\/\/salviastudio.fr\/index.php\/wp-json\/wp\/v2\/comments?post=21"}],"version-history":[{"count":10,"href":"https:\/\/salviastudio.fr\/index.php\/wp-json\/wp\/v2\/pages\/21\/revisions"}],"predecessor-version":[{"id":466,"href":"https:\/\/salviastudio.fr\/index.php\/wp-json\/wp\/v2\/pages\/21\/revisions\/466"}],"wp:attachment":[{"href":"https:\/\/salviastudio.fr\/index.php\/wp-json\/wp\/v2\/media?parent=21"}],"curies":[{"name":"wp","href":"https:\/\/api.w.org\/{rel}","templated":true}]}}